{"id":98,"date":"2014-05-09T15:29:02","date_gmt":"2014-05-09T15:29:02","guid":{"rendered":"http:\/\/unverzagt.com\/seite\/?page_id=98"},"modified":"2014-05-09T15:29:02","modified_gmt":"2014-05-09T15:29:02","slug":"andreas-mones","status":"publish","type":"page","link":"http:\/\/unverzagt.com\/seite\/autoren\/andreas-mones\/","title":{"rendered":"Andreas Mones"},"content":{"rendered":"<p> Geboren 1963. Studium der Philosophie, Psychologie und Deutschen Philologie an der Universit\u00e4t zu K\u00f6ln. 1994 Promotion in Philosophie.<\/p>\n<p>Seine denkerischen Bem\u00fchungen sind dem Versuch gewidmet, den Ort eines gegenw\u00e4rtigen Philosophierens zu bestimmen, welches sich alle Wege, bis auf einen, versperrt: den der Reduktion auf Wissenschafts- und Erkenntnistheorie, den der Limitation auf historisch\u2013philologische Forschung, den der Intervention in gesellschaftliche Verh\u00e4ltnisse und nicht zuletzt den der Irritation mittels \u00e4sthetizistischer Selbstinszenierung \u2014 sich dies alles versperrt, um noch einmal in jenem emphatischen und hybriden Sinne theoria zu sein, n\u00e4mlich im Ganzen zu sagen, was ist. Erneut aufgegriffen wird damit die philosophische Grundfrage nach der Wahrheit, allerdings in zerst\u00f6render Verwandlung, indem sie erweitert wird zur Frage nach der Verbindlichkeit. Ein solches Philosophieren wird notwendig Meta\u2013Theorie, d.h. Er\u00f6rterung der legitimen Verbindlichkeitsanspr\u00fcche theoretischen Darstellens \u00fcberhaupt, um in der Abgrenzung zu allen anderen Sageleistungen einen Ort einzurichten, in welchen es sich selbst und andere gleichgeartete Unternehmungen einschreiben kann. Ausgehend von der Einsicht, da\u00df die abendl\u00e4ndische Philosophie in ihrem metatheoretischen Ausgriff nichts anderes gewesen ist als das permanente Spiel von Verortung, Umverortung und Selbstverortung anderer und eigener Darstellungen, wurde ein System aller m\u00f6glichen Orte in ihrer Zusammengeh\u00f6rigkeit und differenten Bestimmtheit erarbeitet: die Topoheuretik. <\/p>\n","protected":false},"excerpt":{"rendered":"<p>Geboren 1963. Studium der Philosophie, Psychologie und Deutschen Philologie an der Universit\u00e4t zu K\u00f6ln. 1994 Promotion in Philosophie. Seine denkerischen Bem\u00fchungen sind dem Versuch gewidmet, den Ort eines gegenw\u00e4rtigen Philosophierens zu bestimmen, welches sich alle Wege, bis auf einen, versperrt: &hellip; <a href=\"http:\/\/unverzagt.com\/seite\/autoren\/andreas-mones\/\">Weiterlesen <span class=\"meta-nav\">&rarr;<\/span><\/a><\/p>\n","protected":false},"author":1,"featured_media":0,"parent":96,"menu_order":0,"comment_status":"closed","ping_status":"closed","template":"","meta":[],"_links":{"self":[{"href":"http:\/\/unverzagt.com\/seite\/wp-json\/wp\/v2\/pages\/98"}],"collection":[{"href":"http:\/\/unverzagt.com\/seite\/wp-json\/wp\/v2\/pages"}],"about":[{"href":"http:\/\/unverzagt.com\/seite\/wp-json\/wp\/v2\/types\/page"}],"author":[{"embeddable":true,"href":"http:\/\/unverzagt.com\/seite\/wp-json\/wp\/v2\/users\/1"}],"replies":[{"embeddable":true,"href":"http:\/\/unverzagt.com\/seite\/wp-json\/wp\/v2\/comments?post=98"}],"version-history":[{"count":1,"href":"http:\/\/unverzagt.com\/seite\/wp-json\/wp\/v2\/pages\/98\/revisions"}],"predecessor-version":[{"id":99,"href":"http:\/\/unverzagt.com\/seite\/wp-json\/wp\/v2\/pages\/98\/revisions\/99"}],"up":[{"embeddable":true,"href":"http:\/\/unverzagt.com\/seite\/wp-json\/wp\/v2\/pages\/96"}],"wp:attachment":[{"href":"http:\/\/unverzagt.com\/seite\/wp-json\/wp\/v2\/media?parent=98"}],"curies":[{"name":"wp","href":"https:\/\/api.w.org\/{rel}","templated":true}]}}