{"id":50,"date":"2014-05-09T13:02:35","date_gmt":"2014-05-09T13:02:35","guid":{"rendered":"http:\/\/unverzagt.com\/seite\/?page_id=50"},"modified":"2014-05-09T16:13:34","modified_gmt":"2014-05-09T16:13:34","slug":"linde-salber-herzmusterstrickjacke","status":"publish","type":"page","link":"http:\/\/unverzagt.com\/seite\/verlag\/linde-salber-herzmusterstrickjacke\/","title":{"rendered":"Linde Salber: Herzmusterstrickjacke"},"content":{"rendered":"<p>Erz\u00e4hlung<\/p>\n<div id=\"attachment_87\" style=\"width: 213px\" class=\"wp-caption alignright\"><a href=\"http:\/\/unverzagt.com\/seite\/wp-content\/uploads\/2014\/05\/Salber.Linde_.Herz_.443.jpg\"><img aria-describedby=\"caption-attachment-87\" decoding=\"async\" loading=\"lazy\" class=\"size-medium wp-image-87\" src=\"http:\/\/unverzagt.com\/seite\/wp-content\/uploads\/2014\/05\/Salber.Linde_.Herz_.443-203x300.jpg\" alt=\"Linde Salber: Herzmusterstrickjacke. Unverzagt Verlag 2014.\" width=\"203\" height=\"300\" srcset=\"http:\/\/unverzagt.com\/seite\/wp-content\/uploads\/2014\/05\/Salber.Linde_.Herz_.443-203x300.jpg 203w, http:\/\/unverzagt.com\/seite\/wp-content\/uploads\/2014\/05\/Salber.Linde_.Herz_.443.jpg 300w\" sizes=\"(max-width: 203px) 100vw, 203px\" \/><\/a><p id=\"caption-attachment-87\" class=\"wp-caption-text\">Linde Salber: Herzmusterstrickjacke. Unverzagt Verlag 2014.<\/p><\/div>\n<p>Am Ende des Lebens erz\u00e4hlt Birke ihrem Viktor, wie alles begann \u2013 nach dem Krieg. Vom Dorf an der Grenze ist die Rede, von der Elbe, vom russischen Kommandanten und seinen Soldaten, von Liebe, von Trennung und Teilung, von Sehnsucht und Wiederkehr, von lebenslanger Suche nach einer Gemeinsamkeit, die N\u00e4he und Distanz umschlie\u00dft.<\/p>\n<p>Das Buch liest sich wie ein Pl\u00e4doyer f\u00fcr ein sinnlich begreifbares Leben.<\/p>\n<p>Weg mit der Mi\u00dfdeutung des Lebens als Spitzensport. Emanzipation von den Claqueuren. Endlich Mut, auf dem Seinen zu bestehen, auf dem Herzmuster des Lebens\u00a0\u2013\u00a0allen Widrigkeiten zum Trotz.<\/p>\n<p>Ein Foto aus l\u00e4ngst vergangener Zeit hat die Erz\u00e4hlung in Gang gesetzt. In freier Rhythmisierung von Bildern, Situationen, Einf\u00e4llen und Abschweifungen entwirft Linde Salber die Geschichte von einem rebellischen Kind.<\/p>\n<p>220 Seiten, Hardcover, ISBN 978-3-934443-06-8, Euro 19,90<\/p>\n","protected":false},"excerpt":{"rendered":"<p>Erz\u00e4hlung Am Ende des Lebens erz\u00e4hlt Birke ihrem Viktor, wie alles begann \u2013 nach dem Krieg. Vom Dorf an der Grenze ist die Rede, von der Elbe, vom russischen Kommandanten und seinen Soldaten, von Liebe, von Trennung und Teilung, von &hellip; <a href=\"http:\/\/unverzagt.com\/seite\/verlag\/linde-salber-herzmusterstrickjacke\/\">Weiterlesen <span class=\"meta-nav\">&rarr;<\/span><\/a><\/p>\n","protected":false},"author":1,"featured_media":0,"parent":13,"menu_order":6,"comment_status":"closed","ping_status":"closed","template":"full-width-page.php","meta":[],"_links":{"self":[{"href":"http:\/\/unverzagt.com\/seite\/wp-json\/wp\/v2\/pages\/50"}],"collection":[{"href":"http:\/\/unverzagt.com\/seite\/wp-json\/wp\/v2\/pages"}],"about":[{"href":"http:\/\/unverzagt.com\/seite\/wp-json\/wp\/v2\/types\/page"}],"author":[{"embeddable":true,"href":"http:\/\/unverzagt.com\/seite\/wp-json\/wp\/v2\/users\/1"}],"replies":[{"embeddable":true,"href":"http:\/\/unverzagt.com\/seite\/wp-json\/wp\/v2\/comments?post=50"}],"version-history":[{"count":4,"href":"http:\/\/unverzagt.com\/seite\/wp-json\/wp\/v2\/pages\/50\/revisions"}],"predecessor-version":[{"id":107,"href":"http:\/\/unverzagt.com\/seite\/wp-json\/wp\/v2\/pages\/50\/revisions\/107"}],"up":[{"embeddable":true,"href":"http:\/\/unverzagt.com\/seite\/wp-json\/wp\/v2\/pages\/13"}],"wp:attachment":[{"href":"http:\/\/unverzagt.com\/seite\/wp-json\/wp\/v2\/media?parent=50"}],"curies":[{"name":"wp","href":"https:\/\/api.w.org\/{rel}","templated":true}]}}