{"id":4,"date":"2014-05-03T14:17:38","date_gmt":"2014-05-03T14:17:38","guid":{"rendered":"http:\/\/unverzagt.com\/seite\/?page_id=4"},"modified":"2014-05-09T17:16:39","modified_gmt":"2014-05-09T17:16:39","slug":"siegfried-unverzagt","status":"publish","type":"page","link":"http:\/\/unverzagt.com\/seite\/","title":{"rendered":"Siegfried Unverzagt"},"content":{"rendered":"<p><a href=\"http:\/\/unverzagt.com\/seite\/wp-content\/uploads\/2014\/05\/unverzagt.jpg\"><img decoding=\"async\" loading=\"lazy\" class=\"alignnone wp-image-10 size-full\" src=\"http:\/\/unverzagt.com\/seite\/wp-content\/uploads\/2014\/05\/unverzagt.jpg\" alt=\"unverzagt\" width=\"512\" height=\"455\" srcset=\"http:\/\/unverzagt.com\/seite\/wp-content\/uploads\/2014\/05\/unverzagt.jpg 512w, http:\/\/unverzagt.com\/seite\/wp-content\/uploads\/2014\/05\/unverzagt-300x266.jpg 300w\" sizes=\"(max-width: 512px) 100vw, 512px\" \/><\/a><\/p>\n<p><b>Antiquariat<\/b><\/p>\n<p>Das Antiquariat befindet sich seit 1982 im Belgischen Viertel im Zentrum K\u00f6lns direkt am Friesenplatz\/Hohenzollernring. Ich kann auf einen Buchbestand von mehr als 100.000 Werken zur\u00fcckgreifen. Mein Interesse gilt neben den wissenschaftlichen und literarisch interessanten B\u00fcchern, den kuriosen, raren, seltenen und vergriffenen Werken sowie den alten, wertvollen und bibliophilen, auch k\u00fcnstlerisch ausgestatteten B\u00fcchern.<\/p>\n<p><b>Verlag<\/b><\/p>\n<p>Der Unverzagt Verlag in K\u00f6ln wurde 1999 von Dr. Andreas Mones und Siegfried Unverzagt gegr\u00fcndet. Er widmet sich \u00fcberwiegend geisteswissenschaftlichen und literarischen Werken.<\/p>\n","protected":false},"excerpt":{"rendered":"<p>Antiquariat Das Antiquariat befindet sich seit 1982 im Belgischen Viertel im Zentrum K\u00f6lns direkt am Friesenplatz\/Hohenzollernring. Ich kann auf einen Buchbestand von mehr als 100.000 Werken zur\u00fcckgreifen. Mein Interesse gilt neben den wissenschaftlichen und literarisch interessanten B\u00fcchern, den kuriosen, raren, &hellip; <a href=\"http:\/\/unverzagt.com\/seite\/\">Weiterlesen <span class=\"meta-nav\">&rarr;<\/span><\/a><\/p>\n","protected":false},"author":1,"featured_media":0,"parent":0,"menu_order":10,"comment_status":"closed","ping_status":"closed","template":"","meta":[],"_links":{"self":[{"href":"http:\/\/unverzagt.com\/seite\/wp-json\/wp\/v2\/pages\/4"}],"collection":[{"href":"http:\/\/unverzagt.com\/seite\/wp-json\/wp\/v2\/pages"}],"about":[{"href":"http:\/\/unverzagt.com\/seite\/wp-json\/wp\/v2\/types\/page"}],"author":[{"embeddable":true,"href":"http:\/\/unverzagt.com\/seite\/wp-json\/wp\/v2\/users\/1"}],"replies":[{"embeddable":true,"href":"http:\/\/unverzagt.com\/seite\/wp-json\/wp\/v2\/comments?post=4"}],"version-history":[{"count":8,"href":"http:\/\/unverzagt.com\/seite\/wp-json\/wp\/v2\/pages\/4\/revisions"}],"predecessor-version":[{"id":137,"href":"http:\/\/unverzagt.com\/seite\/wp-json\/wp\/v2\/pages\/4\/revisions\/137"}],"wp:attachment":[{"href":"http:\/\/unverzagt.com\/seite\/wp-json\/wp\/v2\/media?parent=4"}],"curies":[{"name":"wp","href":"https:\/\/api.w.org\/{rel}","templated":true}]}}