{"id":38,"date":"2014-05-03T15:36:24","date_gmt":"2014-05-03T15:36:24","guid":{"rendered":"http:\/\/unverzagt.com\/seite\/?page_id=38"},"modified":"2014-05-03T15:36:24","modified_gmt":"2014-05-03T15:36:24","slug":"sachgebiete","status":"publish","type":"page","link":"http:\/\/unverzagt.com\/seite\/antiquariat-2\/sachgebiete\/","title":{"rendered":"Sachgebiete"},"content":{"rendered":"<ul>\n<li><a href=\"https:\/\/ssl.webpack.de\/antiquariat-unverzagt.de\/cgi-bin\/ssl-s.cgi?s=Baedeker&amp;v=und&amp;max=999\">Baedeker<\/a><\/li>\n<li><a href=\"https:\/\/ssl.webpack.de\/antiquariat-unverzagt.de\/cgi-bin\/ssl-s.cgi?s=--%20Foto&amp;v=und&amp;max=999\">Foto<\/a><\/li>\n<li><a href=\"https:\/\/ssl.webpack.de\/antiquariat-unverzagt.de\/cgi-bin\/ssl-s.cgi?s=--%20Geschichte&amp;v=und&amp;max=999\">Geschichte<\/a><\/li>\n<li><a href=\"https:\/\/ssl.webpack.de\/antiquariat-unverzagt.de\/cgi-bin\/ssl-s.cgi?s=--%20Landeskunde+K%C3%B6ln&amp;v=und&amp;max=999\">K\u00f6ln<\/a><\/li>\n<li><a href=\"https:\/\/ssl.webpack.de\/antiquariat-unverzagt.de\/cgi-bin\/ssl-s.cgi?s=--%20Kulturgeschichte&amp;v=und&amp;max=999\">Kulturgeschichte<\/a><\/li>\n<li><a href=\"https:\/\/ssl.webpack.de\/antiquariat-unverzagt.de\/cgi-bin\/ssl-s.cgi?s=--%20Kunst;&amp;v=und&amp;max=999\">Kunst<\/a><\/li>\n<li><a href=\"https:\/\/ssl.webpack.de\/antiquariat-unverzagt.de\/cgi-bin\/ssl-s.cgi?s=--%20Landeskunde&amp;v=und&amp;max=999\">Landeskunde<\/a><\/li>\n<li><a href=\"https:\/\/ssl.webpack.de\/antiquariat-unverzagt.de\/cgi-bin\/ssl-s.cgi?s=Lexika+Lexikon+W%F6rterbuch&amp;v=oder&amp;max=999\">Lexika und W\u00f6rterb\u00fccher<\/a><\/li>\n<li><a href=\"https:\/\/ssl.webpack.de\/antiquariat-unverzagt.de\/cgi-bin\/ssl-s.cgi?s=--%20Literatur;&amp;v=und&amp;max=999\">Literatur<\/a><\/li>\n<li><a href=\"https:\/\/ssl.webpack.de\/antiquariat-unverzagt.de\/cgi-bin\/ssl-s.cgi?s=--%20Literaturwissenschaft&amp;v=und&amp;max=999\">Literaturwissenschaft<\/a><\/li>\n<li><a href=\"https:\/\/ssl.webpack.de\/antiquariat-unverzagt.de\/cgi-bin\/ssl-s.cgi?s=--%20Naturwissenschaft&amp;v=und&amp;max=999\">Naturwissenschaft<\/a><\/li>\n<li><a href=\"https:\/\/ssl.webpack.de\/antiquariat-unverzagt.de\/cgi-bin\/ssl-s.cgi?s=--%20Philosophie&amp;v=und&amp;max=999\">Philosophie<\/a><\/li>\n<li><a href=\"https:\/\/ssl.webpack.de\/antiquariat-unverzagt.de\/cgi-bin\/ssl-s.cgi?s=--%20Jura&amp;v=und&amp;max=999\">Recht<\/a><\/li>\n<li><a href=\"https:\/\/ssl.webpack.de\/antiquariat-unverzagt.de\/cgi-bin\/ssl-s.cgi?s=--%20Reise&amp;v=und&amp;max=999\">Reise<\/a><\/li>\n<li><a href=\"https:\/\/ssl.webpack.de\/antiquariat-unverzagt.de\/cgi-bin\/ssl-s.cgi?s=--%20Theologie&amp;v=und&amp;max=999\">Theologie<\/a><\/li>\n<\/ul>\n<p>&nbsp;<\/p>\n","protected":false},"excerpt":{"rendered":"<p>Baedeker Foto Geschichte K\u00f6ln Kulturgeschichte Kunst Landeskunde Lexika und W\u00f6rterb\u00fccher Literatur Literaturwissenschaft Naturwissenschaft Philosophie Recht Reise Theologie &nbsp;<\/p>\n","protected":false},"author":1,"featured_media":0,"parent":15,"menu_order":0,"comment_status":"closed","ping_status":"closed","template":"","meta":[],"_links":{"self":[{"href":"http:\/\/unverzagt.com\/seite\/wp-json\/wp\/v2\/pages\/38"}],"collection":[{"href":"http:\/\/unverzagt.com\/seite\/wp-json\/wp\/v2\/pages"}],"about":[{"href":"http:\/\/unverzagt.com\/seite\/wp-json\/wp\/v2\/types\/page"}],"author":[{"embeddable":true,"href":"http:\/\/unverzagt.com\/seite\/wp-json\/wp\/v2\/users\/1"}],"replies":[{"embeddable":true,"href":"http:\/\/unverzagt.com\/seite\/wp-json\/wp\/v2\/comments?post=38"}],"version-history":[{"count":1,"href":"http:\/\/unverzagt.com\/seite\/wp-json\/wp\/v2\/pages\/38\/revisions"}],"predecessor-version":[{"id":39,"href":"http:\/\/unverzagt.com\/seite\/wp-json\/wp\/v2\/pages\/38\/revisions\/39"}],"up":[{"embeddable":true,"href":"http:\/\/unverzagt.com\/seite\/wp-json\/wp\/v2\/pages\/15"}],"wp:attachment":[{"href":"http:\/\/unverzagt.com\/seite\/wp-json\/wp\/v2\/media?parent=38"}],"curies":[{"name":"wp","href":"https:\/\/api.w.org\/{rel}","templated":true}]}}