{"id":35,"date":"2014-05-03T15:34:25","date_gmt":"2014-05-03T15:34:25","guid":{"rendered":"http:\/\/unverzagt.com\/seite\/?page_id=35"},"modified":"2023-04-01T17:40:01","modified_gmt":"2023-04-01T17:40:01","slug":"lageplan","status":"publish","type":"page","link":"http:\/\/unverzagt.com\/seite\/antiquariat-2\/lageplan\/","title":{"rendered":"Lageplan"},"content":{"rendered":"<p><a href=\"http:\/\/unverzagt.com\/seite\/wp-content\/uploads\/2014\/05\/karte.gif\"><img decoding=\"async\" loading=\"lazy\" class=\"alignnone size-full wp-image-36\" src=\"http:\/\/unverzagt.com\/seite\/wp-content\/uploads\/2014\/05\/karte.gif\" alt=\"karte\" width=\"422\" height=\"592\" \/><\/a><\/p>\n<p><b>Anreise: Antiquariat Siegfried Unverzagt\u00a0 und Sammlerservice ist zentral gelegen in der Limburger Str. 10 in 50672 K\u00f6ln , die n\u00e4chstgelegene Haltestelle der Linien der K\u00f6lner Verkehrs-Betriebe ist K\u00f6ln Friesenplatz .\u00a0<\/b><\/p>\n<p><strong>Dort halten u.a. die Linien : 3 &#8211; 4 &#8211; 5 -12 -15<\/strong><b> <\/b>K\u00f6ln Hbf. &#8211; U-Bahn Dom\/Hbf (Bahnsteig Richtung Neumarkt\/Friesenplatz) &#8211; Linie 5 bis Friesenplatz<\/p>\n<p>zu Fu\u00df erreichen Sie uns in ca 20 Minuten vom K\u00f6lner Hauptbahnhof<\/p>\n","protected":false},"excerpt":{"rendered":"<p>Anreise: Antiquariat Siegfried Unverzagt\u00a0 und Sammlerservice ist zentral gelegen in der Limburger Str. 10 in 50672 K\u00f6ln , die n\u00e4chstgelegene Haltestelle der Linien der K\u00f6lner Verkehrs-Betriebe ist K\u00f6ln Friesenplatz .\u00a0 Dort halten u.a. die Linien : 3 &#8211; 4 &#8211; &hellip; <a href=\"http:\/\/unverzagt.com\/seite\/antiquariat-2\/lageplan\/\">Weiterlesen <span class=\"meta-nav\">&rarr;<\/span><\/a><\/p>\n","protected":false},"author":1,"featured_media":0,"parent":15,"menu_order":0,"comment_status":"closed","ping_status":"closed","template":"","meta":[],"_links":{"self":[{"href":"http:\/\/unverzagt.com\/seite\/wp-json\/wp\/v2\/pages\/35"}],"collection":[{"href":"http:\/\/unverzagt.com\/seite\/wp-json\/wp\/v2\/pages"}],"about":[{"href":"http:\/\/unverzagt.com\/seite\/wp-json\/wp\/v2\/types\/page"}],"author":[{"embeddable":true,"href":"http:\/\/unverzagt.com\/seite\/wp-json\/wp\/v2\/users\/1"}],"replies":[{"embeddable":true,"href":"http:\/\/unverzagt.com\/seite\/wp-json\/wp\/v2\/comments?post=35"}],"version-history":[{"count":3,"href":"http:\/\/unverzagt.com\/seite\/wp-json\/wp\/v2\/pages\/35\/revisions"}],"predecessor-version":[{"id":203,"href":"http:\/\/unverzagt.com\/seite\/wp-json\/wp\/v2\/pages\/35\/revisions\/203"}],"up":[{"embeddable":true,"href":"http:\/\/unverzagt.com\/seite\/wp-json\/wp\/v2\/pages\/15"}],"wp:attachment":[{"href":"http:\/\/unverzagt.com\/seite\/wp-json\/wp\/v2\/media?parent=35"}],"curies":[{"name":"wp","href":"https:\/\/api.w.org\/{rel}","templated":true}]}}