{"id":33,"date":"2014-05-03T15:31:53","date_gmt":"2014-05-03T15:31:53","guid":{"rendered":"http:\/\/unverzagt.com\/seite\/?page_id=33"},"modified":"2022-12-08T21:56:34","modified_gmt":"2022-12-08T21:56:34","slug":"oeffnungszeiten","status":"publish","type":"page","link":"http:\/\/unverzagt.com\/seite\/antiquariat-2\/oeffnungszeiten\/","title":{"rendered":"\u00d6ffnungszeiten"},"content":{"rendered":"<dl>\n<dt>Pandemiebedingt nehmen wir das Infektionsgeschehen<\/dt>\n<dt>weiterhin sehr ernst. Im Zuge der Infektionsschutzma\u00dfnahmen<\/dt>\n<dt>bitten wir h\u00f6flich um Ihr telefonisches Avis.<\/dt>\n<dt><\/dt>\n<dt>Gerne sind wir f\u00fcr Sie da.<\/dt>\n<dt><\/dt>\n<dt>Bitte telefonieren Sie uns unter 0221- 25 15 15 in K\u00f6ln einfach an,<\/dt>\n<dt>um Ihr gesch\u00e4tztes Anliegen mit uns zu besprechen.<\/dt>\n<dt>Vielen Dank!<\/dt>\n<dt><\/dt>\n<dt>Montag<\/dt>\n<dd>nach vorheriger Vereinbarung<\/dd>\n<dt>Dienstag bis Donnerstag<\/dt>\n<dd>nach vorheriger Vereinbarung<\/dd>\n<dt>Freitag<\/dt>\n<dd>nach vorheriger Vereinbarung<\/dd>\n<dt>Samstag<\/dt>\n<dd>nach vorheriger Vereinbarung<\/dd>\n<dt><\/dt>\n<\/dl>\n","protected":false},"excerpt":{"rendered":"<p>Pandemiebedingt nehmen wir das Infektionsgeschehen weiterhin sehr ernst. Im Zuge der Infektionsschutzma\u00dfnahmen bitten wir h\u00f6flich um Ihr telefonisches Avis. Gerne sind wir f\u00fcr Sie da. Bitte telefonieren Sie uns unter 0221- 25 15 15 in K\u00f6ln einfach an, um Ihr &hellip; <a href=\"http:\/\/unverzagt.com\/seite\/antiquariat-2\/oeffnungszeiten\/\">Weiterlesen <span class=\"meta-nav\">&rarr;<\/span><\/a><\/p>\n","protected":false},"author":1,"featured_media":0,"parent":15,"menu_order":0,"comment_status":"closed","ping_status":"closed","template":"","meta":[],"_links":{"self":[{"href":"http:\/\/unverzagt.com\/seite\/wp-json\/wp\/v2\/pages\/33"}],"collection":[{"href":"http:\/\/unverzagt.com\/seite\/wp-json\/wp\/v2\/pages"}],"about":[{"href":"http:\/\/unverzagt.com\/seite\/wp-json\/wp\/v2\/types\/page"}],"author":[{"embeddable":true,"href":"http:\/\/unverzagt.com\/seite\/wp-json\/wp\/v2\/users\/1"}],"replies":[{"embeddable":true,"href":"http:\/\/unverzagt.com\/seite\/wp-json\/wp\/v2\/comments?post=33"}],"version-history":[{"count":2,"href":"http:\/\/unverzagt.com\/seite\/wp-json\/wp\/v2\/pages\/33\/revisions"}],"predecessor-version":[{"id":198,"href":"http:\/\/unverzagt.com\/seite\/wp-json\/wp\/v2\/pages\/33\/revisions\/198"}],"up":[{"embeddable":true,"href":"http:\/\/unverzagt.com\/seite\/wp-json\/wp\/v2\/pages\/15"}],"wp:attachment":[{"href":"http:\/\/unverzagt.com\/seite\/wp-json\/wp\/v2\/media?parent=33"}],"curies":[{"name":"wp","href":"https:\/\/api.w.org\/{rel}","templated":true}]}}