{"id":31,"date":"2014-05-03T15:10:00","date_gmt":"2014-05-03T15:10:00","guid":{"rendered":"http:\/\/unverzagt.com\/seite\/?page_id=31"},"modified":"2014-06-13T17:45:30","modified_gmt":"2014-06-13T17:45:30","slug":"allgemeine-geschaeftsbedingungen-sowie-gesetzlich-vorgeschriebene-hinweise-zum-widerrufsrecht-und-zum-datenschutz","status":"publish","type":"page","link":"http:\/\/unverzagt.com\/seite\/antiquariat-2\/allgemeine-geschaeftsbedingungen-sowie-gesetzlich-vorgeschriebene-hinweise-zum-widerrufsrecht-und-zum-datenschutz\/","title":{"rendered":"AGB, Widerruf, Datenschutz"},"content":{"rendered":"<h1>1 Allgemeines \u2013 Geltungsbereich<\/h1>\n<p>Anbieter diese Angebots ist: Antiquariat Siegfried Unverzagt Limburger Str. 10 \u2013 D-50672 K\u00f6ln Tel: +49-02 21-25 15 15 \u2013 Fax: +49-02 21-25 13 44 \u2013 Epost\/Email: <a class=\"moz-txt-link-abbreviated\" href=\"mailto:mail@unverzagt.com\">mail@unverzagt.com<\/a> \u2013 Homepage: <a class=\"moz-txt-link-abbreviated\" href=\"http:\/\/www.unverzagt.com\">www.unverzagt.com<\/a><\/p>\n<p>Zust\u00e4ndige Aufsichtsbeh\u00f6rde: Amt f\u00fcr \u00f6ffentliche Ordnung Ottmar-Pohl-Platz 1, 51103 K\u00f6ln.<\/p>\n<p>VAT\/USt-Id-Nr.: DE 122970438.<\/p>\n<p>Verantwortlich im Sinne des Presserechts, des Mediendienstestaatsvertrages und des Telemediengesetzes (TMG): Siegfried Unverzagt.<\/p>\n<p>Die nachfolgenden Allgemeinen Gesch\u00e4ftsbedingungen gelten f\u00fcr alle Gesch\u00e4ftsbeziehungen zwischen uns und unseren Kunden. Ma\u00dfgeblich ist jeweils die zum Zeitpunkt des Vertragsschlusses g\u00fcltige Fassung. Die Vertragssprache ist Deutsch.<\/p>\n<p>Verbraucher im Sinne der Allgemeinen Gesch\u00e4ftsbedingungen sind nat\u00fcrliche Personen, mit denen wir in Gesch\u00e4ftsbeziehungen treten. Verbraucher ist jede nat\u00fcrliche Person, die ein Rechtsgesch\u00e4ft zu Zwecken abschlie\u00dft, die \u00fcberwiegend weder ihrer gewerblichen noch ihrer selbstst\u00e4ndigen beruflichen T\u00e4tigkeit zugerechnet werden k\u00f6nnen. Das Widerrufsrecht gilt nur f\u00fcr Verbraucher im Sinne des \u00a7 13 BGB.<\/p>\n<p>Unternehmer im Sinne der Allgemeinen Gesch\u00e4ftsbedingungen sind nat\u00fcrliche oder juristische Personen oder rechtsf\u00e4hige Personengesellschaften, mit denen wir in Gesch\u00e4ftsbeziehungen treten und die in Aus\u00fcbung einer gewerblichen oder selbst\u00e4ndigen beruflichen T\u00e4tigkeit handeln. Kunde im Sinne der Allgemeinen Gesch\u00e4ftsbedingungen sind sowohl Verbraucher als auch Unternehmer.<\/p>\n<h1>2 Vertragsschlu\u00df<\/h1>\n<p>Die Darstellungen auf Internetpr\u00e4sentationen (z.b. <a class=\"moz-txt-link-abbreviated\" href=\"http:\/\/www.unverzagt.com\">www.unverzagt.com<\/a>), Angebote und Online-Darstellungen auf Internetplattformen und in Katalogen, Listen und Einzelangeboten von uns stellen noch kein bindendes Vertragsangebot von uns dar. Unsere Angebote sind stets freibleibend und stehen unter dem Vorbehalt, da\u00df das angebotenene Produkt noch vorr\u00e4tig und verf\u00fcgbar ist.<\/p>\n<p>Mit dem Absenden einer Bestellung per Email erkl\u00e4rt der Kunde, die inhaltlich von ihm bezeichneten Produkte erwerben zu wollen.<\/p>\n<p>Der Kunde erh\u00e4lt eine Zugangsbest\u00e4tigung per Email, diese stellt noch keine Vertragsannahme dar, sondern dient dazu, den Eingang der Bestellung zu best\u00e4tigen.<\/p>\n<p>Nach Absenden der \u201celektronischen Bestellung\u201d als Email hat der Kunde nicht mehr die M\u00f6glichkeit, seine Bestellung einzusehen oder zu \u00e4ndern. Diese ist aber bei uns gespeichert und kann dem Kunden auf Wunsch jederzeit wieder zur Verf\u00fcgung gestellt werden. Ab- und Umbestellungen lassen sich mit einer weiteren Email ber\u00fccksichtigen, wenn sie vor der Bearbeitung des urspr\u00fcnglichen Auftrages eingehen.<\/p>\n<p>Die Bestellung wird von uns gespeichert und wird Ihnen auf Wunsch zusammen mit unseren Allgemeinen Gesch\u00e4ftsbedingungen zugesandt.<\/p>\n<p>Wir sind berechtigt, die Annahme der Bestellung abzulehnen.<\/p>\n<p>Da wir die Ware nicht komplett am Versandort zur Verf\u00fcgung haben, k\u00f6nnen wir einen unmittelbaren Versand nicht gew\u00e4hrleisten. Wir versenden innerhalb von sieben Werktagen. Die Lieferung erfolgt in der Regel durch die Deutsche Post.<\/p>\n<p>Unser Angebot ist stets freibleibend. Bei Nichtverf\u00fcgbarkeit werden wir Sie informieren und einen gegebenenfalls bezahlten Kaufpreis sofort zur\u00fcckerstatten. Der Kaufvertrag kommt dadurch zustande, dass wir den Vertrag durch Lieferung der Ware annehmen.<\/p>\n<p>Die Bezahlung kann durch \u00dcberweisung, Paypal, Kreditkartenzahlung, Vorkasse, Nachnahme oder Barzahlung bei Abholung\/Auslieferung erfolgen. Im Einzelfall k\u00f6nnen wir bestimmte Bezahlarten ausschlie\u00dfen.<\/p>\n<h1>3 Eigentumsvorbehalt<\/h1>\n<p>Wir behalten uns das Eigentum an der Ware bis zur vollst\u00e4ndigen Zahlung des Kaufpreises vor. Wir sind berechtigt, bei vertragswidrigem Verhalten des Kunden, insbesondere bei Zahlungsverzug, vom Vertrag zur\u00fcckzutreten und die Ware herauszuverlangen.<\/p>\n<p>Der Unternehmer ist berechtigt, die Ware im ordentlichen Gesch\u00e4ftsgang weiterzuver\u00e4u\u00dfern. Er tritt uns bereits jetzt alle Forderungen in H\u00f6he des Rechnungsbetrags ab, die ihm durch die Weiterver\u00e4u\u00dferung gegen einen Dritten erwachsen. Wir nehmen die Abtretung an. Nach der Abtretung ist der Unternehmer zur Einziehung der Forderung erm\u00e4chtigt. Wir behalten uns vor, die Forderung selbst einzuziehen, sobald der Unternehmer seinen Zahlungsverpflichtungen nicht ordnungsgem\u00e4\u00df nachkommt und in Zahlungsverzug ger\u00e4t.<\/p>\n<h1>4 Widerufsbelehrung<\/h1>\n<h3>Widerrufsrecht<\/h3>\n<p>Sie haben das Recht, binnen vierzehn Tagen ohne Angabe von Gr\u00fcnden diesen Vertrag zu widerrufen. Die Widerrufsfrist betr\u00e4gt vierzehn Tage ab dem Tag, an dem Sie oder ein von Ihnen benannter Dritter, der nicht der Bef\u00f6rderer ist, die Waren in Besitz genommen haben bzw. hat.<\/p>\n<p>Um Ihr Widerrufsrecht auszu\u00fcben, m\u00fcssen Sie uns \u2013 Antiquariat Siegfried Unverzagt, 50672 K\u00f6ln, Tel. 0221 &#8211; 25 15 15 (aus dem Ausland: +49-221-251515), Telefax 0221-25 13 44 (aus dem Ausland: +49-221-251344), E-Mail: <a class=\"moz-txt-link-abbreviated\" href=\"mailto:mail@unverzagt.com\">mail@unverzagt.com<\/a> \u2013 mittels einer eindeutigen Erkl\u00e4rung (z. B. ein mit der Post versandter Brief, Telefax oder E-Mail) \u00fcber Ihren Entschluss, diesen Vertrag zu widerrufen, informieren. Sie k\u00f6nnen daf\u00fcr das beigef\u00fcgte Muster-Widerrufsformular verwenden, das jedoch nicht vorgeschrieben ist.<\/p>\n<p>Zur Wahrung der Widerrufsfrist reicht es aus, dass Sie die Mitteilung \u00fcber die Aus\u00fcbung des Widerrufsrechts vor Ablauf der Widerrufsfrist absenden.<\/p>\n<h3>Folgen des Widerrufs<\/h3>\n<p>Wenn Sie diesen Vertrag widerrufen, haben wir Ihnen alle Zahlungen, die wir von Ihnen erhalten haben, einschlie\u00dflich der Lieferkosten (mit Ausnahme der zus\u00e4tzlichen Kosten, die sich daraus ergeben, dass Sie eine andere Art der Lieferung als die von uns angebotene, g\u00fcnstigste Standardlieferung gew\u00e4hlt haben), unverz\u00fcglich und sp\u00e4testens binnen vierzehn Tagen ab dem Tag zur\u00fcckzuzahlen, an dem die Mitteilung \u00fcber Ihren Widerruf dieses Vertrags bei uns eingegangen ist. F\u00fcr diese R\u00fcckzahlung verwenden wir dasselbe Zahlungsmittel, das Sie bei der urspr\u00fcnglichen Transaktion eingesetzt haben, es sei denn, mit Ihnen wurde ausdr\u00fccklich etwas anderes vereinbart; in keinem Fall werden Ihnen wegen dieser R\u00fcckzahlung Entgelte berechnet. Wir k\u00f6nnen die R\u00fcckzahlung verweigern, bis wir die Waren wieder zur\u00fcckerhalten haben oder bis Sie den Nachweis erbracht haben, dass Sie die Waren zur\u00fcckgesandt haben, je nachdem, welches der fr\u00fchere Zeitpunkt ist. Sie haben die Waren unverz\u00fcglich und in jedem Fall sp\u00e4testens binnen vierzehn Tagen ab dem Tag, an dem Sie uns \u00fcber den Widerruf dieses Vertrags unterrichten, an uns zur\u00fcckzusenden oder zu \u00fcbergeben. Die Frist ist gewahrt, wenn Sie die Waren vor Ablauf der Frist von vierzehn Tagen absenden. Sie tragen die unmittelbaren Kosten der R\u00fccksendung der Waren. Sie m\u00fcssen f\u00fcr einen etwaigen Wertverlust der Waren nur aufkommen, wenn dieser Wertverlust auf einen zur Pr\u00fcfung der Beschaffenheit, Eigenschaften und Funktionsweise der Waren nicht notwendigen Umgang mit ihnen zur\u00fcckzuf\u00fchren ist.<\/p>\n<h3>Ende der Widerrufsbelehrung<\/h3>\n<h1>5 Verg\u00fctung<\/h1>\n<p>Die Preise verstehen sich in Euro zuz\u00fcglich der Versandkosten und f\u00fcr Kunden innerhalb der EU einschlie\u00dflich der jeweils g\u00fcltigen gesetzlichen Mehrwertsteuer.<\/p>\n<p>F\u00fcr Verpackung und Versand innerhalb von Deutschland berechnen bei gew\u00f6hnlichem Post- und Versandweg pauschal 3,50 Euro. F\u00fcr Kunden aus dem europ\u00e4ischen Ausland erheben wir bei gew\u00f6hnlichen Post- und Versandweg 10 Euro pro bestellter Einheit.<\/p>\n<p>Der Kunde verpflichtet sich, nach Erhalt der Leistung innerhalb von 30 Tagen den Rechnungsbetrag zu zahlen. Nach Ablauf dieser Frist kommt der Kunde in Zahlungsverzug. Der Verbraucher hat w\u00e4hrend des Verzugs die Geldschuld in H\u00f6he von 5 % \u00fcber dem Basiszinssatz zu verzinsen. Der Unternehmer hat w\u00e4hrend des Verzugs die Geldschuld in H\u00f6he von 8 % \u00fcber dem Basiszinssatz zu verzinsen. Gegen\u00fcber dem Unternehmer behalten wir uns vor, einen h\u00f6heren Verzungszinsschaden nachzuweisen und geltend zu machen.<\/p>\n<h1>6 Gefahr\u00fcbergang<\/h1>\n<p>Bei Verbrauchern geht die Gefahr des zuf\u00e4lligen Untergangs und der zuf\u00e4lligen Verschlechterung der verkauften Ware auch beim Versendungskauf mit der \u00dcbergabe der Ware auf den Verbraucher \u00fcber.<\/p>\n<p>Bei Unternehmern geht die Gefahr des zuf\u00e4lligen Untergangs und der zuf\u00e4lligen Verschlechterung der Ware mit der Auslieferung der Ware an den Spediteur, den Frachtf\u00fchrer oder der sonst zur Ausf\u00fchrung der Versendung bestimmten Person oder Anstalt auf den Unternehmer \u00fcber. Der \u00dcbergabe steht es gleich, wenn der Kunde im Verzug der Annahme ist.<\/p>\n<h1>7 Gew\u00e4hrleistung<\/h1>\n<p>Verbraucher haben die Wahl, ob die Nacherf\u00fcllung durch Nachbesserung oder Ersatzlieferung erfolgen soll. Wir sind berechtigt, die Art der gew\u00e4hlten Nacherf\u00fcllung zu verweigern, wenn sie nur mit unverh\u00e4ltnism\u00e4\u00dfigen Kosten m\u00f6glich ist und die andere Art der Nacherf\u00fcllung ohne erhebliche Nachteile f\u00fcr den Verbraucher bleibt. Bei Unternehmen leisten wir f\u00fcr M\u00e4ngel der Ware zun\u00e4chst nach unserer Wahl Gew\u00e4hr durch Nachbesserung oder Ersatzlieferung.<\/p>\n<p>Schl\u00e4gt die Nacherf\u00fcllung fehl, oder ist diese aufgrund der Eigenarten der bestellten Ware nicht m\u00f6glich, kann der Kunde grunds\u00e4tzlich nach seiner Wahl Herabsetzung oder Verg\u00fctung (Minderung), R\u00fcckg\u00e4ngigmachung des Vertrags (R\u00fccktritt) oder Schadensersatz statt der Leistung verlangen. W\u00e4hlt der Kunde Schadensersatz statt der Leistung, so gelten die Haftungsbeschr\u00e4nkungen gem\u00e4\u00df Punkt 9. Bei nur geringf\u00fcgigen M\u00e4ngeln, steht dem Kunden jedoch kein R\u00fccktrittsrecht zu.<\/p>\n<p>Unternehmer m\u00fcssen uns offensichtliche M\u00e4ngel innerhalb einer Frist von einer Woche ab Empfang der Ware schriftlich anzeigen; andernfalls ist die Geltendmachung des Gew\u00e4hrleistungsanspruches ausgeschlossen. Zur Fristwahrung gen\u00fcgt die rechtzeitige Absendung. Den Unternehmer trifft die volle Beweislast f\u00fcr s\u00e4mtliche Anspruchsvoraussetzungen, insbesondere f\u00fcr den Mangel selbst, f\u00fcr den Zeitpunkt der Feststellung des Mangels und f\u00fcr die Rechtzeitigkeit der M\u00e4ngelr\u00fcge.<\/p>\n<p>Die Gew\u00e4hrleistung f\u00fcr Verbraucher betr\u00e4gt f\u00fcr gebrauchte Waren ein Jahr ab Ablieferung der Ware, f\u00fcr neue Waren gilt die gesetzliche Gew\u00e4hrleistungsfrist. Die Gew\u00e4hrleistungsfrist f\u00fcr Unternehmer betr\u00e4gt ein Jahr ab Ablieferung der Ware. Bei gebrauchten Sachen betr\u00e4gt die Gew\u00e4hrleistungsfrist ein Jahr ab Ablieferung der Ware. Die einj\u00e4hrige Gew\u00e4hrleistungsfrist gilt nicht, wenn uns grobes Verschulden vorwerfbar ist sowie im Falle von uns zurechenbaren K\u00f6rper- und Gesundheitssch\u00e4den und bei Verlust des Lebens des Kunden. Unsere Haftung nach dem Produkthaftungsgesetz bleibt hiervon unber\u00fchrt.<\/p>\n<h1>8 Wesentliche Merkmale unseres Handelsguts<\/h1>\n<p>Wir handeln vorzugsweise mit Antiquarischem, d.h. vom jeweiligen Vorbesitzer gebrauchten B\u00fcchern, Graphiken und Bildern, Kulturgut. B\u00fccher weisen in der Regel Lesespuren auf, auch sind Namenseintr\u00e4ge, Stempel, Anstreichungen und Anmerkungen Kennzeichen antiquarischen Schriftgutes, ebenso Benutzungs- und Lagerspuren wie z.B. Stockflecken.<\/p>\n<p>Wir beschreiben gewissenhaft und ber\u00fccksichtigen diese M\u00e4ngel in der Preisgestaltung. Auf Wunsch fertigen wir Ihnen, falls m\u00f6glich, vor Ihrem Kaufentscheid digitale Fotos und senden Ihnen diese vor Ihrem Kaufentschluss kostenfrei per Email zu.<\/p>\n<p>B\u00fccher und sonstige Gegenst\u00e4nde, insbesondere jene aus der Zeit von 1933 bis 1945, mit darin enthaltenen zeitgeschichtlichen oder milit\u00e4rhistorischen Darstellungen und Inhalten, werden nur zu Zwecken staatsb\u00fcrgerlicher Aufkl\u00e4rung, der Abwehr verfassungswidriger und verfassungsfeindlicher Bestrebungen, der wissenschaftlichen und kulturhistorischen Forschung usw. (\u00a7 86 StGB) verkauft. Zu diesem Zwecke ben\u00f6tigen wir von Ihnen ein Revers. Bitte setzen Sie sich vorab mit uns in Verbindung, wir senden Ihnen dann ein entsprechendes Formular zu.<\/p>\n<h1>9 Haftungsbeschr\u00e4nkungen und -freistellung<\/h1>\n<p>Wir haften au\u00dfer bei der Verletzung wesentlicher Vertragspflichten nur, wenn und soweit unseren gesetzlichen Vertretern und Erf\u00fcllungsgehilfen Vorsatz oder grobe Fahrl\u00e4ssigkeit zur Last f\u00e4llt. Sofern nicht Vorsatz oder grobe Fahrl\u00e4ssigkeit vorliegen, ist unsere Haftung auf den Schaden begrenzt, der bei Vertragsschlu\u00df typischerweise vorhersehbar war.<\/p>\n<p>Der vorgenannte Haftungsausschlu\u00df bzw. Beschr\u00e4nkung gelten nicht, sofern und soweit wir bestimmte Eigenschaften zugesichert oder Garantien ausgesprochen haben. Sie gelten ferner nicht f\u00fcr Sch\u00e4den aus der Verletzung des Lebens, des K\u00f6rpers oder der Gesundheit sowie im Falle zwingender gesetzlicher Vorschriften.<\/p>\n<h1>10 Datenschutz<\/h1>\n<p>Wir erheben, verarbeiten und nutzen die personenbezogenen Daten unserer Kunden lediglich zum Zwecke der ordnungsgem\u00e4\u00dfen Vertragsdurchf\u00fchrung. Abrechnungsdaten speichern wir h\u00f6chstens bis zum Ablauf von 6 Monaten nach Versendung der Rechnung. Werden gegen die Entgeltforderungen Einwendungen erhoben oder diese trotz Zahlungsaufforderung nicht beglichen, d\u00fcrfen die Abrechnungsdaten aufbewahrt werden, bis die Einwendung abschlie\u00dfend gekl\u00e4rt ist oder die Entgeltforderung beglichen ist. \u00a7 6 Abs. 8 Teledienstedatenschutzgesetz (TDDSG) bleibt unber\u00fchrt. Sofern und soweit die Aufbewahrung der personenbezogenen Daten aufgrund bestehender rechtlicher oder steuerlicher Verpflichtungen erforderlich ist, werden diese Daten f\u00fcr den Zugriff zu anderen als den gesetzlich begr\u00fcndeten Zwecken gesperrt.<\/p>\n<p>Ihr Besuch auf unserer Seite wird protokolliert, erfasst werden die von Ihrem PC verwendete IP-Nummer, Datum, Uhrzeit, Browsertyp und Betriebssystem, Datenmenge und von welcher Domain die Abfrage ausgeht. Diese Daten sind von uns nicht bestimmten Personen zuzuordnen.<\/p>\n<p>Personenbezogene Daten werden nur erfasst, wenn Sie diese Angaben freiwillig, etwa im Rahmen einer Anfrage oder Bestellung, eingeben.<\/p>\n<p>Wenn sie uns personenbezogene Daten zur Verf\u00fcgung gestellt haben, verwenden wir diese nur zur Beantwortung Ihrer Anfragen, zur Abwicklung der mit Ihnen geschlossenen Vertr\u00e4ge und f\u00fcr die technische Administration. Insoweit wir \u00fcber eine Verkaufsplattform anbieten, hat diese hierbei lediglich die Funktion eines technischen Dienstleisters; wir sind allein verantwortlich f\u00fcr die an uns \u00fcbersandten Daten.<\/p>\n<p>Ihre Daten werden an Dritte nur weitergegeben oder sonst \u00fcbermittelt, wenn dies zum Zwecke der Vertragsabwicklung und zu Abrechnungszwecken erforderlich ist.<\/p>\n<p>Sie haben das Recht, eine erteilte Einwilligung mit Wirkung f\u00fcr die Zukunft jederzeit zu widerrufen.<\/p>\n<p>Sie k\u00f6nnen die von Ihnen gespeicherten Daten abfragen, auch per Email abfragen unter: <a class=\"moz-txt-link-abbreviated\" href=\"mailto:mail@unverzagt.com\">mail@unverzagt.com<\/a> F\u00fcr weitere Fragen wenden Sie sich bitte an Herrn Siegfried Unverzagt, der Ihnen gern die gew\u00fcnschten Ausk\u00fcnfte erteilt.<\/p>\n<h1>11 Gerichtsstand und Schlu\u00dfbestimmungen<\/h1>\n<p>Es gilt, soweit zul\u00e4ssig, das Recht der Bundesrepublik Deutschland. Bei Verbrauchern, die den Vertrag nicht zu beruflichen oder gewerblichen Zwecken abschlie\u00dfen, gilt diese Rechtswahl nur insoweit, als nicht der gew\u00e4hrte Schutz durch zwingende Bestimmungen des Rechts des Staates, in dem der Verbraucher seinen gew\u00f6hnlichen Aufenthalt hat, entzogen wird.<\/p>\n<p>Die Bestimmungen des UN-Kaufrechts finden keine Anwendung.<\/p>\n<p>Ist der Kunde Kaufmann, juristische Person des \u00f6ffentlichen Rechts oder \u00f6ffentlich-rechtliches Sonderverm\u00f6gen, ist ausschlie\u00dflicher Gerichtsstand f\u00fcr alle Streitigkeiten aus diesem Vertrag unser Gesch\u00e4ftssitz. Dasselbe gilt, wenn der Kunde keinen allgemeinen Gerichtsstand in Deutschland hat oder Wohnsitz oder gew\u00f6hnlicher Aufenthalt zum Zeitpunkt der Klageerhebung nicht bekannt sind.<\/p>\n","protected":false},"excerpt":{"rendered":"<p>1 Allgemeines \u2013 Geltungsbereich Anbieter diese Angebots ist: Antiquariat Siegfried Unverzagt Limburger Str. 10 \u2013 D-50672 K\u00f6ln Tel: +49-02 21-25 15 15 \u2013 Fax: +49-02 21-25 13 44 \u2013 Epost\/Email: mail@unverzagt.com \u2013 Homepage: www.unverzagt.com Zust\u00e4ndige Aufsichtsbeh\u00f6rde: Amt f\u00fcr \u00f6ffentliche Ordnung &hellip; <a href=\"http:\/\/unverzagt.com\/seite\/antiquariat-2\/allgemeine-geschaeftsbedingungen-sowie-gesetzlich-vorgeschriebene-hinweise-zum-widerrufsrecht-und-zum-datenschutz\/\">Weiterlesen <span class=\"meta-nav\">&rarr;<\/span><\/a><\/p>\n","protected":false},"author":1,"featured_media":0,"parent":15,"menu_order":12,"comment_status":"closed","ping_status":"closed","template":"full-width-page.php","meta":[],"_links":{"self":[{"href":"http:\/\/unverzagt.com\/seite\/wp-json\/wp\/v2\/pages\/31"}],"collection":[{"href":"http:\/\/unverzagt.com\/seite\/wp-json\/wp\/v2\/pages"}],"about":[{"href":"http:\/\/unverzagt.com\/seite\/wp-json\/wp\/v2\/types\/page"}],"author":[{"embeddable":true,"href":"http:\/\/unverzagt.com\/seite\/wp-json\/wp\/v2\/users\/1"}],"replies":[{"embeddable":true,"href":"http:\/\/unverzagt.com\/seite\/wp-json\/wp\/v2\/comments?post=31"}],"version-history":[{"count":5,"href":"http:\/\/unverzagt.com\/seite\/wp-json\/wp\/v2\/pages\/31\/revisions"}],"predecessor-version":[{"id":171,"href":"http:\/\/unverzagt.com\/seite\/wp-json\/wp\/v2\/pages\/31\/revisions\/171"}],"up":[{"embeddable":true,"href":"http:\/\/unverzagt.com\/seite\/wp-json\/wp\/v2\/pages\/15"}],"wp:attachment":[{"href":"http:\/\/unverzagt.com\/seite\/wp-json\/wp\/v2\/media?parent=31"}],"curies":[{"name":"wp","href":"https:\/\/api.w.org\/{rel}","templated":true}]}}