{"id":28,"date":"2014-05-03T15:06:50","date_gmt":"2014-05-03T15:06:50","guid":{"rendered":"http:\/\/unverzagt.com\/seite\/?page_id=28"},"modified":"2014-05-09T16:13:10","modified_gmt":"2014-05-09T16:13:10","slug":"moneswansing-endlich-philosophieren","status":"publish","type":"page","link":"http:\/\/unverzagt.com\/seite\/verlag\/moneswansing-endlich-philosophieren\/","title":{"rendered":"Mones\/Wansing: Endlich Philosophieren."},"content":{"rendered":"<p><b>Andreas Mones \/ Rudolf Wansing [Hrsg.]: Endlich Philosophieren. Spielr\u00e4ume und Grenzen, eine Tradition fortzusetzen<a href=\"http:\/\/unverzagt.com\/seite\/wp-content\/uploads\/2014\/05\/Endlich-Philosophieren.jpg\"><img decoding=\"async\" loading=\"lazy\" class=\"alignright wp-image-41\" src=\"http:\/\/unverzagt.com\/seite\/wp-content\/uploads\/2014\/05\/Endlich-Philosophieren-150x150.jpg\" alt=\"Endlich Philosophieren\" width=\"100\" height=\"144\" srcset=\"http:\/\/unverzagt.com\/seite\/wp-content\/uploads\/2014\/05\/Endlich-Philosophieren-209x300.jpg 209w, http:\/\/unverzagt.com\/seite\/wp-content\/uploads\/2014\/05\/Endlich-Philosophieren.jpg 464w\" sizes=\"(max-width: 100px) 100vw, 100px\" \/><\/a><\/b><\/p>\n<p>Festschrift f\u00fcr den K\u00f6lner Philosophen Paul Jannsen.<\/p>\n<p>brosch., 236 S., ISBN 3-934443-01-X<\/p>\n","protected":false},"excerpt":{"rendered":"<p>Andreas Mones \/ Rudolf Wansing [Hrsg.]: Endlich Philosophieren. Spielr\u00e4ume und Grenzen, eine Tradition fortzusetzen Festschrift f\u00fcr den K\u00f6lner Philosophen Paul Jannsen. brosch., 236 S., ISBN 3-934443-01-X<\/p>\n","protected":false},"author":1,"featured_media":0,"parent":13,"menu_order":1,"comment_status":"closed","ping_status":"closed","template":"full-width-page.php","meta":[],"_links":{"self":[{"href":"http:\/\/unverzagt.com\/seite\/wp-json\/wp\/v2\/pages\/28"}],"collection":[{"href":"http:\/\/unverzagt.com\/seite\/wp-json\/wp\/v2\/pages"}],"about":[{"href":"http:\/\/unverzagt.com\/seite\/wp-json\/wp\/v2\/types\/page"}],"author":[{"embeddable":true,"href":"http:\/\/unverzagt.com\/seite\/wp-json\/wp\/v2\/users\/1"}],"replies":[{"embeddable":true,"href":"http:\/\/unverzagt.com\/seite\/wp-json\/wp\/v2\/comments?post=28"}],"version-history":[{"count":3,"href":"http:\/\/unverzagt.com\/seite\/wp-json\/wp\/v2\/pages\/28\/revisions"}],"predecessor-version":[{"id":43,"href":"http:\/\/unverzagt.com\/seite\/wp-json\/wp\/v2\/pages\/28\/revisions\/43"}],"up":[{"embeddable":true,"href":"http:\/\/unverzagt.com\/seite\/wp-json\/wp\/v2\/pages\/13"}],"wp:attachment":[{"href":"http:\/\/unverzagt.com\/seite\/wp-json\/wp\/v2\/media?parent=28"}],"curies":[{"name":"wp","href":"https:\/\/api.w.org\/{rel}","templated":true}]}}