{"id":26,"date":"2014-05-03T15:00:10","date_gmt":"2014-05-03T15:00:10","guid":{"rendered":"http:\/\/unverzagt.com\/seite\/?page_id=26"},"modified":"2014-05-09T16:13:03","modified_gmt":"2014-05-09T16:13:03","slug":"andreas-mones-die-kritik-des-ereignisdenkens","status":"publish","type":"page","link":"http:\/\/unverzagt.com\/seite\/verlag\/andreas-mones-die-kritik-des-ereignisdenkens\/","title":{"rendered":"Andreas Mones: Die Kritik des Ereignisdenkens."},"content":{"rendered":"<p>Eine Kollision mit Heideggers Sp\u00e4tphilosophie.<\/p>\n<p>Aus dem Text:<\/p>\n<p>Procedit<\/p>\n<p>Die folgende Darstellung ist die Bahnung und erste Beschreitung eines Weges vom Ereignis zum Sagend-sein-Lassen; sie hat also zu ihrem thematischen Wor\u00fcber in erster Linie das nachkehrige Philosophieren Heideggers und sich selbst, die Topoheuretik, um in der Kollision jenes in diese zu verwandeln. In einer ersten Ann\u00e4herung wird das vorkehrige Philosophieren verwendet &#8211; ohne eine Kollision durchzuf\u00fchren -, um den Interventionsort der Kollision mit dem nachkehrigen Philosophieren herauszuarbeiten. Damit wird vorgelegt der dritte Teil eines sich fortschreibenden Unternehmens, welches die legitimen Verbindlichkeitsanspr\u00fcche theoretischen Darstellens \u00fcberhaupt bedenkt. Die Sp\u00e4tphilosophie Heideggers erweist sich diesbez\u00fcglich als ausgezeichnetes Gegen\u00fcber, um auf dem Weg zu einem topoheuretischen Denken voranzukommen. Die Kenntnis der bisher vollzogenen Schritte ist w\u00fcnschenswert, doch keinesfalls Bedingung f\u00fcr das Verst\u00e4ndnis der folgenden Er\u00f6rterung. Um die hier geplante Wegstrecke zu markieren, seien einige Vor\u00fcberlegungen angestellt.<\/p>\n<p>Die Topoheuretik bedenkt die disparaten Verbindlichkeitsanspr\u00fcche theoretischer Darstellungen, indem sie verschiedene Orte einrichtet und in eine explizite Bestimmtheit bringt, wobei ihr vorrangiges Interesse darin besteht, einen Ort zu begrenzen, in welchen sie sich selbst und andere gleichgeartete Unternehmungen einschreiben kann. Gefordert ist damit ein System aller m\u00f6glichen Orte, da der gesuchte Ort sich in der Abgrenzung zu allen anderen Orten erst bestimmt. Meines Erachtens ist nun das Problem der Verbindlichkeit eigenen und anderen Darstellens das Grundproblem sowohl des vorkehrigen wie des nachkehrigen Philosophierens Heideggers. Allerdings ergibt sich im Vollzug der Kehre diesbez\u00fcglich eine spezifische und bezeichnende Umbestimmung.<\/p>\n<p>In Sein und Zeit untersteht das eigene Sagen g\u00e4nzlich dem traditionellen Anspruch auf absolute Verbindlichkeit. Das Ausgreifen der Fundamentalontologie auf wesensm\u00e4\u00dfige Seinsstrukturen, existenziale Aprioris, apriorische Horizontbildung etc.pp. belegt dies zweifelsfrei.<\/p>\n<p>&#8230;<\/p>\n<p>Leinen, 236 S., 17,80, ISBN 3-934443-00-1<\/p>\n","protected":false},"excerpt":{"rendered":"<p>Eine Kollision mit Heideggers Sp\u00e4tphilosophie. Aus dem Text: Procedit Die folgende Darstellung ist die Bahnung und erste Beschreitung eines Weges vom Ereignis zum Sagend-sein-Lassen; sie hat also zu ihrem thematischen Wor\u00fcber in erster Linie das nachkehrige Philosophieren Heideggers und sich &hellip; <a href=\"http:\/\/unverzagt.com\/seite\/verlag\/andreas-mones-die-kritik-des-ereignisdenkens\/\">Weiterlesen <span class=\"meta-nav\">&rarr;<\/span><\/a><\/p>\n","protected":false},"author":1,"featured_media":0,"parent":13,"menu_order":0,"comment_status":"closed","ping_status":"closed","template":"full-width-page.php","meta":[],"_links":{"self":[{"href":"http:\/\/unverzagt.com\/seite\/wp-json\/wp\/v2\/pages\/26"}],"collection":[{"href":"http:\/\/unverzagt.com\/seite\/wp-json\/wp\/v2\/pages"}],"about":[{"href":"http:\/\/unverzagt.com\/seite\/wp-json\/wp\/v2\/types\/page"}],"author":[{"embeddable":true,"href":"http:\/\/unverzagt.com\/seite\/wp-json\/wp\/v2\/users\/1"}],"replies":[{"embeddable":true,"href":"http:\/\/unverzagt.com\/seite\/wp-json\/wp\/v2\/comments?post=26"}],"version-history":[{"count":2,"href":"http:\/\/unverzagt.com\/seite\/wp-json\/wp\/v2\/pages\/26\/revisions"}],"predecessor-version":[{"id":90,"href":"http:\/\/unverzagt.com\/seite\/wp-json\/wp\/v2\/pages\/26\/revisions\/90"}],"up":[{"embeddable":true,"href":"http:\/\/unverzagt.com\/seite\/wp-json\/wp\/v2\/pages\/13"}],"wp:attachment":[{"href":"http:\/\/unverzagt.com\/seite\/wp-json\/wp\/v2\/media?parent=26"}],"curies":[{"name":"wp","href":"https:\/\/api.w.org\/{rel}","templated":true}]}}