{"id":24,"date":"2014-05-03T14:56:00","date_gmt":"2014-05-03T14:56:00","guid":{"rendered":"http:\/\/unverzagt.com\/seite\/?page_id=24"},"modified":"2014-05-09T16:13:16","modified_gmt":"2014-05-09T16:13:16","slug":"ralf-peters-das-wissen-vom-handeln","status":"publish","type":"page","link":"http:\/\/unverzagt.com\/seite\/verlag\/ralf-peters-das-wissen-vom-handeln\/","title":{"rendered":"Ralf Peters: Das Wissen vom Handeln"},"content":{"rendered":"<p>Erkenntnistheoretische Untersuchungen zur Philosophie der Handlung.<\/p>\n<p>In der hier vorgelegten Untersuchung der erkenntnistheoretischen Aspekte, die in einer philosophischen Handlungstheorie virulent werden, soll deutlich werden, da\u00df die philosophischen Kriterien der Allgemeing\u00fcltigkeit, Verbindlichkeit und Wahrheit im Umgang mit dem \u201dGegenstand\u201d Handlung allesamt mit Schwierigkeiten behaftet sind. Im ersten Teil der Arbeit werden diese Schwierigkeiten anhand der Analyse der handlungstheoretischen Ans\u00e4tze von Donald Davidson und Georg Henrik von Wright genauer dargelegt. Dabei wird der Fokus auf ein wichtiges, doch bisher vernachl\u00e4ssigtes Problem der philosophischen Handlungstheorie gesetzt, das in den Beziehungen zwischen den verschiedenen Arten und Vorliegensweisen von Wissen einerseits und dem Handeln besteht. Durch die Untersuchung verschiedener Ans\u00e4tze zum Umgang mit dieser Thematik wird im zweiten Teil versucht, zu einer weiterf\u00fchrenden Explikation der Beziehungen zwischen Wissen und Handeln zu gelangen und die Konsequenzen f\u00fcr die Philosophie der Handlung anzudeuten. Zun\u00e4chst wird mit dem Forschungsprogramm Subjektive Theorien ein dezidiert psychologischer Ansatz diskutiert, um im Vergleich die spezifisch philosophischen Aspekte zu konturieren. Anschlie\u00dfend werden die Begriffe des Handlungsbetrachters und des handlungsrelevanten Wissens einer n\u00e4heren Untersuchung unterzogen, um zum Schlu\u00df der Arbeit die Handlungstheorie R\u00fcdiger Bubners, die den Anspruch stellt, eine ad\u00e4quate Philosophie der Handlung zu sein, unter der hier entwickelten Fragestellung kritisch zu beleuchten.<\/p>\n<p>Oktav, Broschur, 222 Seiten, \u20ac 19,43. ISBN 978-3-934443-02-0<\/p>\n","protected":false},"excerpt":{"rendered":"<p>Erkenntnistheoretische Untersuchungen zur Philosophie der Handlung. In der hier vorgelegten Untersuchung der erkenntnistheoretischen Aspekte, die in einer philosophischen Handlungstheorie virulent werden, soll deutlich werden, da\u00df die philosophischen Kriterien der Allgemeing\u00fcltigkeit, Verbindlichkeit und Wahrheit im Umgang mit dem \u201dGegenstand\u201d Handlung allesamt &hellip; <a href=\"http:\/\/unverzagt.com\/seite\/verlag\/ralf-peters-das-wissen-vom-handeln\/\">Weiterlesen <span class=\"meta-nav\">&rarr;<\/span><\/a><\/p>\n","protected":false},"author":1,"featured_media":0,"parent":13,"menu_order":2,"comment_status":"closed","ping_status":"closed","template":"full-width-page.php","meta":[],"_links":{"self":[{"href":"http:\/\/unverzagt.com\/seite\/wp-json\/wp\/v2\/pages\/24"}],"collection":[{"href":"http:\/\/unverzagt.com\/seite\/wp-json\/wp\/v2\/pages"}],"about":[{"href":"http:\/\/unverzagt.com\/seite\/wp-json\/wp\/v2\/types\/page"}],"author":[{"embeddable":true,"href":"http:\/\/unverzagt.com\/seite\/wp-json\/wp\/v2\/users\/1"}],"replies":[{"embeddable":true,"href":"http:\/\/unverzagt.com\/seite\/wp-json\/wp\/v2\/comments?post=24"}],"version-history":[{"count":1,"href":"http:\/\/unverzagt.com\/seite\/wp-json\/wp\/v2\/pages\/24\/revisions"}],"predecessor-version":[{"id":25,"href":"http:\/\/unverzagt.com\/seite\/wp-json\/wp\/v2\/pages\/24\/revisions\/25"}],"up":[{"embeddable":true,"href":"http:\/\/unverzagt.com\/seite\/wp-json\/wp\/v2\/pages\/13"}],"wp:attachment":[{"href":"http:\/\/unverzagt.com\/seite\/wp-json\/wp\/v2\/media?parent=24"}],"curies":[{"name":"wp","href":"https:\/\/api.w.org\/{rel}","templated":true}]}}