{"id":21,"date":"2014-05-03T14:51:49","date_gmt":"2014-05-03T14:51:49","guid":{"rendered":"http:\/\/unverzagt.com\/seite\/?page_id=21"},"modified":"2014-05-09T16:13:20","modified_gmt":"2014-05-09T16:13:20","slug":"ralf-peters-wege-zur-stimme-reisen-ins-menschliche-stimmfeld","status":"publish","type":"page","link":"http:\/\/unverzagt.com\/seite\/verlag\/ralf-peters-wege-zur-stimme-reisen-ins-menschliche-stimmfeld\/","title":{"rendered":"Ralf Peters: Wege zur Stimme."},"content":{"rendered":"<p>Reisen ins menschliche Stimmfeld.<\/p>\n<p>Den faszinierenden Landschaften der menschlichen Stimme auf unterschiedlichen Wegen n\u00e4her zu kommen &#8211; das Ziel verfolgt der Autor Ralf Peters mit diesem Buch. Selbst Philosoph, Stimmk\u00fcnstler und -lehrer, entfaltet er die Idee der ganzen Stimme und ihrer Beziehung zum Menschen. Er begibt sich auf die Suche nach der Philosophie der Stimme, erkundet, wie sich Stimme und &#8222;Seele&#8220; gegenseitig beeinflussen, und fragt nach den \u00e4sthetischen Ideen der Extended Voice Kunst.<\/p>\n<p>Peters beruft sich dabei auf die Arbeit des deutschen Stimmlehrers Alfred Wolfsohn und seines Sch\u00fclers und Nachfolgers Roy Hart, den Pionieren einer Stimm-ent-wicklung, die eine Befreiung der Stimme mit all ihren klanglichen M\u00f6glichkeiten anstrebt. Die Ideen von Wolfsohn und Hart werden hier zum ersten Mal in deutscher Sprache in Buchform ausf\u00fchrlich dargestellt und gew\u00fcrdigt.<\/p>\n<p>Oktav, Broschur, 222 Seiten, \u20ac 16,80. ISBN 978-3-934443-03-7<\/p>\n","protected":false},"excerpt":{"rendered":"<p>Reisen ins menschliche Stimmfeld. Den faszinierenden Landschaften der menschlichen Stimme auf unterschiedlichen Wegen n\u00e4her zu kommen &#8211; das Ziel verfolgt der Autor Ralf Peters mit diesem Buch. Selbst Philosoph, Stimmk\u00fcnstler und -lehrer, entfaltet er die Idee der ganzen Stimme und &hellip; <a href=\"http:\/\/unverzagt.com\/seite\/verlag\/ralf-peters-wege-zur-stimme-reisen-ins-menschliche-stimmfeld\/\">Weiterlesen <span class=\"meta-nav\">&rarr;<\/span><\/a><\/p>\n","protected":false},"author":1,"featured_media":0,"parent":13,"menu_order":3,"comment_status":"closed","ping_status":"closed","template":"full-width-page.php","meta":[],"_links":{"self":[{"href":"http:\/\/unverzagt.com\/seite\/wp-json\/wp\/v2\/pages\/21"}],"collection":[{"href":"http:\/\/unverzagt.com\/seite\/wp-json\/wp\/v2\/pages"}],"about":[{"href":"http:\/\/unverzagt.com\/seite\/wp-json\/wp\/v2\/types\/page"}],"author":[{"embeddable":true,"href":"http:\/\/unverzagt.com\/seite\/wp-json\/wp\/v2\/users\/1"}],"replies":[{"embeddable":true,"href":"http:\/\/unverzagt.com\/seite\/wp-json\/wp\/v2\/comments?post=21"}],"version-history":[{"count":3,"href":"http:\/\/unverzagt.com\/seite\/wp-json\/wp\/v2\/pages\/21\/revisions"}],"predecessor-version":[{"id":91,"href":"http:\/\/unverzagt.com\/seite\/wp-json\/wp\/v2\/pages\/21\/revisions\/91"}],"up":[{"embeddable":true,"href":"http:\/\/unverzagt.com\/seite\/wp-json\/wp\/v2\/pages\/13"}],"wp:attachment":[{"href":"http:\/\/unverzagt.com\/seite\/wp-json\/wp\/v2\/media?parent=21"}],"curies":[{"name":"wp","href":"https:\/\/api.w.org\/{rel}","templated":true}]}}