{"id":15,"date":"2014-05-03T14:43:04","date_gmt":"2014-05-03T14:43:04","guid":{"rendered":"http:\/\/unverzagt.com\/seite\/?page_id=15"},"modified":"2022-12-08T20:49:10","modified_gmt":"2022-12-08T20:49:10","slug":"antiquariat-2","status":"publish","type":"page","link":"http:\/\/unverzagt.com\/seite\/antiquariat-2\/","title":{"rendered":"Antiquariat"},"content":{"rendered":"<p><center><\/p>\n<form action=\"\/cgi-bin\/s2.cgi\" method=\"get\">Suche in unserem Bestand:<br \/>\n<input name=\"s\" type=\"text\" \/><br \/>\n<input checked=\"checked\" name=\"v\" type=\"radio\" value=\"und\" \/>und <input name=\"v\" type=\"radio\" value=\"oder\" \/>oder<input name=\"max\" type=\"hidden\" value=\"999\" \/> <input type=\"submit\" value=\"suchen\" \/><\/form>\n<p><\/center><\/p>\n<hr \/>\n<p>Das Antiquariat befindet sich seit 1982 im Belgischen Viertel und ist seither so<br \/>\ngewachsen, dass ich auf einen Buchbestand von mehr als 100.000 Werken zur\u00fcckgreifen kann. Mein Interesse gilt neben dem wissenschaftlichen und<br \/>\nliterarisch interessantem Buch, dem Kuriosem , sowie dem alten, wertvollen und<br \/>\nbibliophilen Buch sowie der Technikgeschichte nebst Objekten und der rheinischen Landeskunde mit den angrenzenden Gebieten der Eifel, des Westerwaldes und des Bergischen Landes und dergleichen. In meinem Bestand befinden sich aber auch Autographen und Widmungsexemplare. Aufgrund guter Kontakte kann ich manchen ausgefallenen Wunsch auch durch Besorgungen und Vermittlungen erf\u00fcllen. Des weiteren bin ich in der Lage, ganze Bibliotheken aufzubauen und Buchbest\u00e4nde zusammenzustellen, z.B. auch als Leih-Requisite zur Verf\u00fcgung zu stellen.<\/p>\n<p>Ich freue mich, Sie pers\u00f6nlich begr\u00fc\u00dfen zu d\u00fcrfen und nehme gern Kontakt zu Ihnen auf.<\/p>\n<hr \/>\n<p><big>Antiquariat Siegfried Unverzagt<\/big><br \/>\nLimburger Str. 10 &#8211; D-50672 K\u00f6ln<br \/>\nTel: 02 21-25 15 15 &#8211; Fax: 02 21-25 13 44<br \/>\n(aus dem Ausland: Tel. +49-221-251515 &#8211; Fax: +49-221-251344)<br \/>\nantiquariat[at]unverzagt.com<br \/>\nUmsatzsteuer-Identifikation: DE 122970438<br \/>\nZust\u00e4ndige Aufsichtsbeh\u00f6rde: Stadt K\u00f6ln, Amt f\u00fcr \u00d6ffentliche Ordnung<br \/>\nVerantwortlich im Sinne des Presserechts, des Mediendienstestaatsvertrages und des Telemediengesetzes (TMG): Siegfried Unverzagt<\/p>\n","protected":false},"excerpt":{"rendered":"<p>Suche in unserem Bestand: und oder Das Antiquariat befindet sich seit 1982 im Belgischen Viertel und ist seither so gewachsen, dass ich auf einen Buchbestand von mehr als 100.000 Werken zur\u00fcckgreifen kann. Mein Interesse gilt neben dem wissenschaftlichen und literarisch &hellip; <a href=\"http:\/\/unverzagt.com\/seite\/antiquariat-2\/\">Weiterlesen <span class=\"meta-nav\">&rarr;<\/span><\/a><\/p>\n","protected":false},"author":1,"featured_media":0,"parent":0,"menu_order":20,"comment_status":"closed","ping_status":"closed","template":"","meta":[],"_links":{"self":[{"href":"http:\/\/unverzagt.com\/seite\/wp-json\/wp\/v2\/pages\/15"}],"collection":[{"href":"http:\/\/unverzagt.com\/seite\/wp-json\/wp\/v2\/pages"}],"about":[{"href":"http:\/\/unverzagt.com\/seite\/wp-json\/wp\/v2\/types\/page"}],"author":[{"embeddable":true,"href":"http:\/\/unverzagt.com\/seite\/wp-json\/wp\/v2\/users\/1"}],"replies":[{"embeddable":true,"href":"http:\/\/unverzagt.com\/seite\/wp-json\/wp\/v2\/comments?post=15"}],"version-history":[{"count":9,"href":"http:\/\/unverzagt.com\/seite\/wp-json\/wp\/v2\/pages\/15\/revisions"}],"predecessor-version":[{"id":195,"href":"http:\/\/unverzagt.com\/seite\/wp-json\/wp\/v2\/pages\/15\/revisions\/195"}],"wp:attachment":[{"href":"http:\/\/unverzagt.com\/seite\/wp-json\/wp\/v2\/media?parent=15"}],"curies":[{"name":"wp","href":"https:\/\/api.w.org\/{rel}","templated":true}]}}