{"id":132,"date":"2014-05-09T17:08:40","date_gmt":"2014-05-09T17:08:40","guid":{"rendered":"http:\/\/unverzagt.com\/seite\/?page_id=132"},"modified":"2014-05-09T17:24:37","modified_gmt":"2014-05-09T17:24:37","slug":"linde-salber-2","status":"publish","type":"page","link":"http:\/\/unverzagt.com\/seite\/autoren\/linde-salber-2\/","title":{"rendered":"Linde Salber"},"content":{"rendered":"<p>Studium der Psychologie, Psychopathologie und P\u00e4dagogik in K\u00f6ln (Dipl. Psychologin; Dr. rer. nat.) lehrt und wirkt in vielgestaltigen Auspr\u00e4gungen an den Schnittstellen der Kultur und der Wissenschaften prismatisch in Literatur, Malerei, Film, Kunst.<\/p>\n","protected":false},"excerpt":{"rendered":"<p>Studium der Psychologie, Psychopathologie und P\u00e4dagogik in K\u00f6ln (Dipl. Psychologin; Dr. rer. nat.) lehrt und wirkt in vielgestaltigen Auspr\u00e4gungen an den Schnittstellen der Kultur und der Wissenschaften prismatisch in Literatur, Malerei, Film, Kunst.<\/p>\n","protected":false},"author":1,"featured_media":0,"parent":96,"menu_order":0,"comment_status":"closed","ping_status":"closed","template":"","meta":[],"_links":{"self":[{"href":"http:\/\/unverzagt.com\/seite\/wp-json\/wp\/v2\/pages\/132"}],"collection":[{"href":"http:\/\/unverzagt.com\/seite\/wp-json\/wp\/v2\/pages"}],"about":[{"href":"http:\/\/unverzagt.com\/seite\/wp-json\/wp\/v2\/types\/page"}],"author":[{"embeddable":true,"href":"http:\/\/unverzagt.com\/seite\/wp-json\/wp\/v2\/users\/1"}],"replies":[{"embeddable":true,"href":"http:\/\/unverzagt.com\/seite\/wp-json\/wp\/v2\/comments?post=132"}],"version-history":[{"count":2,"href":"http:\/\/unverzagt.com\/seite\/wp-json\/wp\/v2\/pages\/132\/revisions"}],"predecessor-version":[{"id":141,"href":"http:\/\/unverzagt.com\/seite\/wp-json\/wp\/v2\/pages\/132\/revisions\/141"}],"up":[{"embeddable":true,"href":"http:\/\/unverzagt.com\/seite\/wp-json\/wp\/v2\/pages\/96"}],"wp:attachment":[{"href":"http:\/\/unverzagt.com\/seite\/wp-json\/wp\/v2\/media?parent=132"}],"curies":[{"name":"wp","href":"https:\/\/api.w.org\/{rel}","templated":true}]}}