{"id":13,"date":"2014-05-03T14:33:20","date_gmt":"2014-05-03T14:33:20","guid":{"rendered":"http:\/\/unverzagt.com\/seite\/?page_id=13"},"modified":"2014-05-09T13:07:41","modified_gmt":"2014-05-09T13:07:41","slug":"verlag","status":"publish","type":"page","link":"http:\/\/unverzagt.com\/seite\/verlag\/","title":{"rendered":"Verlag"},"content":{"rendered":"<p>\u00a0Neu erschienen:<\/p>\n<h1>Linde Salber: Herzmusterstrickjacke<\/h1>\n<p><i>Am Ende des Lebens erz\u00e4hlt Birke ihrem Viktor, wie alles begann \u2013 nach dem Krieg. Vom Dorf an der Grenze ist die Rede, von der Elbe, vom russischen Kommandanten und seinen Soldaten, von Liebe, von Trennung und Teilung, von Sehnsucht und Wiederkehr, von lebenslanger Suche nach einer Gemeinsamkeit, die N\u00e4he und Distanz umschlie\u00dft.<\/i><\/p>\n<p><a href=\"http:\/\/unverzagt.com\/seite\/verlag\/linde-salber-herzmusterstrickjacke\/\">zur Buchbeschreibung<\/a><\/p>\n<hr \/>\n<p><big>Unverzagt Verlag<\/big><br \/> Inh.: Dr. Andreas Mones und Siegfried Unverzagt GbR<br \/> Limburger Str. 10 &#8211; D-50672 K\u00f6ln<br \/> Tel: 02 21-25 15 15 &#8211; Fax: 02 21-25 13 44<br \/> (aus dem Ausland: Tel. +49-221-251515 &#8211; Fax: +49-221-251344)<br \/> verlag@unverzagt.com<br \/> Umsatzsteuer-Identifikation: DE 202884777<br \/> Zust\u00e4ndige Aufsichtsbeh\u00f6rde: Stadt K\u00f6ln, Amt f\u00fcr \u00d6ffentliche Ordnung<br \/> Verantwortlich im Sinne des Presserechts, des Mediendienstestaatsvertrages und des Telemediengesetzes (TMG): Siegfried Unverzagt<\/p>\n","protected":false},"excerpt":{"rendered":"<p>\u00a0Neu erschienen: Linde Salber: Herzmusterstrickjacke Am Ende des Lebens erz\u00e4hlt Birke ihrem Viktor, wie alles begann \u2013 nach dem Krieg. Vom Dorf an der Grenze ist die Rede, von der Elbe, vom russischen Kommandanten und seinen Soldaten, von Liebe, von &hellip; <a href=\"http:\/\/unverzagt.com\/seite\/verlag\/\">Weiterlesen <span class=\"meta-nav\">&rarr;<\/span><\/a><\/p>\n","protected":false},"author":1,"featured_media":0,"parent":0,"menu_order":30,"comment_status":"closed","ping_status":"closed","template":"","meta":[],"_links":{"self":[{"href":"http:\/\/unverzagt.com\/seite\/wp-json\/wp\/v2\/pages\/13"}],"collection":[{"href":"http:\/\/unverzagt.com\/seite\/wp-json\/wp\/v2\/pages"}],"about":[{"href":"http:\/\/unverzagt.com\/seite\/wp-json\/wp\/v2\/types\/page"}],"author":[{"embeddable":true,"href":"http:\/\/unverzagt.com\/seite\/wp-json\/wp\/v2\/users\/1"}],"replies":[{"embeddable":true,"href":"http:\/\/unverzagt.com\/seite\/wp-json\/wp\/v2\/comments?post=13"}],"version-history":[{"count":4,"href":"http:\/\/unverzagt.com\/seite\/wp-json\/wp\/v2\/pages\/13\/revisions"}],"predecessor-version":[{"id":53,"href":"http:\/\/unverzagt.com\/seite\/wp-json\/wp\/v2\/pages\/13\/revisions\/53"}],"wp:attachment":[{"href":"http:\/\/unverzagt.com\/seite\/wp-json\/wp\/v2\/media?parent=13"}],"curies":[{"name":"wp","href":"https:\/\/api.w.org\/{rel}","templated":true}]}}